{"id":26376,"date":"2024-02-27T19:54:25","date_gmt":"2024-02-27T17:54:25","guid":{"rendered":"https:\/\/www.hoerske.de\/?page_id=26376"},"modified":"2024-02-27T20:09:24","modified_gmt":"2024-02-27T18:09:24","slug":"formular-zur-anforderung-von-benutzerdaten","status":"publish","type":"page","link":"https:\/\/hoerske.de\/blog\/formular-zur-anforderung-von-benutzerdaten\/","title":{"rendered":"Formular zur Anforderung von Benutzerdaten"},"content":{"rendered":"\n<p>Liebe Leserinnen und Leser,<\/p>\n\n\n\n<p>um den Schutz Ihrer pers\u00f6nlichen Daten zu gew\u00e4hrleisten und gleichzeitig sicherzustellen, dass Sie jederzeit Zugang zu den Informationen haben, die ich auf meinem Blog \u00fcber Sie gespeichert habe, habe ich ein einfaches Anforderungsformular eingerichtet. Bitte f\u00fcllen Sie das untenstehende Formular aus, um eine Anfrage zur Offenlegung oder Aktualisierung Ihrer gespeicherten Daten zu stellen. Ich werde mich bem\u00fchen, Ihre Anfrage so schnell wie m\u00f6glich zu bearbeiten.<\/p>\n\n\n\n<p><strong><div class=\"wpgdprc\">\n<form class=\"wpgdprc-form wpgdprc-form--access-request\" name=\"wpgdprc_form\" method=\"POST\">\n\t<ul class=\"wpgdprc-form__fields\">\n\t\t\n<li class=\"wpgdprc-form__field\">\n\t<label for=\"wpgdprc-form__email\" class=\"screen-reader-text\">Ihre E-Mail-Adresse<\/label>\n\t<input type=\"email\" class=\"wpgdprc-form__input wpgdprc-form__input--email\" name=\"wpgdprc_email\" id=\"wpgdprc-form__email\" placeholder=\"Ihre E-Mail-Adresse\" required \/>\n<\/li>\n\t\t\n<li class=\"wpgdprc-form__field wpgdprc-form__field--checkbox\">\n\t<input class=\"wpgdprc-form__input wpgdprc-form__input--checkbox\" type=\"checkbox\" name=\"wpgdprc_consent\" id=\"wpgdprc-form__consent\" value=\"1\" required \/>\n\t<label class=\"wpgdprc-form__label\" for=\"wpgdprc-form__consent\">Mit der Nutzung dieses Formulars erkl\u00e4rst du dich mit der Speicherung und Verarbeitung deiner Daten durch diese Website einverstanden.<\/label>\n<\/li>\n\t<\/ul>\n\t<div class=\"wpgdprc-form__footer\">\n\t\t\n<p class=\"wpgdprc-form__submit\">\n\t<input type=\"submit\" class=\"wpgdprc-form__input wpgdprc-form__input--submit\" name=\"wpgdprc_submit\" value=\"Senden\" \/>\n<\/p>\n\t<\/div>\n\t<div class=\"wpgdprc-message\" style=\"display:none;\"><\/div>\n<\/form>\n<\/div><\/strong><\/p>\n\n\n\n<p>Durch das Ausf\u00fcllen und Absenden dieses Formulars stimmen Sie zu, dass ich Ihre Anfrage bearbeiten und gegebenenfalls Kontakt mit Ihnen aufnehmen darf, um weitere Informationen zu erhalten oder Ihre Anfrage zu best\u00e4tigen. Ihre Daten werden gem\u00e4\u00df meiner <a href=\"https:\/\/www.hoerske.de\/datenschutzerklaerung\/\">Datenschutzerkl\u00e4krung <\/a>behandelt und nicht an Dritte weitergegeben.<\/p>\n\n\n\n<p>Herzlich <\/p>\n\n\n\n<p>Timo H\u00f6rske<\/p>\n","protected":false},"excerpt":{"rendered":"<p>Liebe Leserinnen und Leser, um den Schutz Ihrer pers\u00f6nlichen Daten zu gew\u00e4hrleisten und gleichzeitig sicherzustellen, dass Sie jederzeit Zugang zu den Informationen haben, die ich auf meinem Blog \u00fcber Sie gespeichert habe, habe ich ein einfaches Anforderungsformular eingerichtet. Bitte f\u00fcllen Sie das untenstehende Formular aus, um eine Anfrage zur Offenlegung<\/p>\n","protected":false},"author":1,"featured_media":0,"parent":0,"menu_order":0,"comment_status":"closed","ping_status":"closed","template":"","meta":{"jetpack_post_was_ever_published":false,"footnotes":""},"class_list":["post-26376","page","type-page","status-publish","hentry"],"yoast_head":"<!-- This site is optimized with the Yoast SEO Premium plugin v27.3 (Yoast SEO v27.3) - https:\/\/yoast.com\/product\/yoast-seo-premium-wordpress\/ -->\n<title>Formular zur Anforderung von Benutzerdaten - Timos Paper<\/title>\n<meta name=\"robots\" content=\"index, follow, max-snippet:-1, max-image-preview:large, max-video-preview:-1\" \/>\n<link rel=\"canonical\" href=\"https:\/\/hoerske.de\/blog\/formular-zur-anforderung-von-benutzerdaten\/\" \/>\n<meta property=\"og:locale\" content=\"de_DE\" \/>\n<meta property=\"og:type\" content=\"article\" \/>\n<meta property=\"og:title\" content=\"Formular zur Anforderung von Benutzerdaten\" \/>\n<meta property=\"og:description\" content=\"Liebe Leserinnen und Leser, um den Schutz Ihrer pers\u00f6nlichen Daten zu gew\u00e4hrleisten und gleichzeitig sicherzustellen, dass Sie jederzeit Zugang zu den Informationen haben, die ich auf meinem Blog \u00fcber Sie gespeichert habe, habe ich ein einfaches Anforderungsformular eingerichtet. Bitte f\u00fcllen Sie das untenstehende Formular aus, um eine Anfrage zur Offenlegung\" \/>\n<meta property=\"og:url\" content=\"https:\/\/hoerske.de\/blog\/formular-zur-anforderung-von-benutzerdaten\/\" \/>\n<meta property=\"og:site_name\" content=\"Timos Paper\" \/>\n<meta property=\"article:publisher\" content=\"https:\/\/www.facebook.com\/timo.hoerske\" \/>\n<meta property=\"article:modified_time\" content=\"2024-02-27T18:09:24+00:00\" \/>\n<meta property=\"og:image\" content=\"https:\/\/i0.wp.com\/hoerske.de\/blog\/wp-content\/uploads\/2018\/11\/IMG_9914%4005x.png?fit=1939%2C1077&ssl=1\" \/>\n\t<meta property=\"og:image:width\" content=\"1939\" \/>\n\t<meta property=\"og:image:height\" content=\"1077\" \/>\n\t<meta property=\"og:image:type\" content=\"image\/png\" \/>\n<meta name=\"twitter:card\" content=\"summary_large_image\" \/>\n<meta name=\"twitter:site\" content=\"@timo_hoerske\" \/>\n<meta name=\"twitter:label1\" content=\"Gesch\u00e4tzte Lesezeit\" \/>\n\t<meta name=\"twitter:data1\" content=\"1\u00a0Minute\" \/>\n<script type=\"application\/ld+json\" class=\"yoast-schema-graph\">{\"@context\":\"https:\\\/\\\/schema.org\",\"@graph\":[{\"@type\":\"WebPage\",\"@id\":\"https:\\\/\\\/hoerske.de\\\/blog\\\/formular-zur-anforderung-von-benutzerdaten\\\/\",\"url\":\"https:\\\/\\\/hoerske.de\\\/blog\\\/formular-zur-anforderung-von-benutzerdaten\\\/\",\"name\":\"Formular zur Anforderung von Benutzerdaten - Timos Paper\",\"isPartOf\":{\"@id\":\"https:\\\/\\\/hoerske.de\\\/blog\\\/#website\"},\"datePublished\":\"2024-02-27T17:54:25+00:00\",\"dateModified\":\"2024-02-27T18:09:24+00:00\",\"breadcrumb\":{\"@id\":\"https:\\\/\\\/hoerske.de\\\/blog\\\/formular-zur-anforderung-von-benutzerdaten\\\/#breadcrumb\"},\"inLanguage\":\"de\",\"potentialAction\":[{\"@type\":\"ReadAction\",\"target\":[\"https:\\\/\\\/hoerske.de\\\/blog\\\/formular-zur-anforderung-von-benutzerdaten\\\/\"]}]},{\"@type\":\"BreadcrumbList\",\"@id\":\"https:\\\/\\\/hoerske.de\\\/blog\\\/formular-zur-anforderung-von-benutzerdaten\\\/#breadcrumb\",\"itemListElement\":[{\"@type\":\"ListItem\",\"position\":1,\"name\":\"Startseite\",\"item\":\"https:\\\/\\\/hoerske.de\\\/blog\\\/\"},{\"@type\":\"ListItem\",\"position\":2,\"name\":\"Formular zur Anforderung von Benutzerdaten\"}]},{\"@type\":\"WebSite\",\"@id\":\"https:\\\/\\\/hoerske.de\\\/blog\\\/#website\",\"url\":\"https:\\\/\\\/hoerske.de\\\/blog\\\/\",\"name\":\"Timos Blog\",\"description\":\"ego cogito, ergo sum\",\"publisher\":{\"@id\":\"https:\\\/\\\/hoerske.de\\\/blog\\\/#\\\/schema\\\/person\\\/20677cf2167fc7027b752c3bba78d5fc\"},\"potentialAction\":[{\"@type\":\"SearchAction\",\"target\":{\"@type\":\"EntryPoint\",\"urlTemplate\":\"https:\\\/\\\/hoerske.de\\\/blog\\\/?s={search_term_string}\"},\"query-input\":{\"@type\":\"PropertyValueSpecification\",\"valueRequired\":true,\"valueName\":\"search_term_string\"}}],\"inLanguage\":\"de\"},{\"@type\":[\"Person\",\"Organization\"],\"@id\":\"https:\\\/\\\/hoerske.de\\\/blog\\\/#\\\/schema\\\/person\\\/20677cf2167fc7027b752c3bba78d5fc\",\"name\":\"Timo H\u00f6rske\",\"image\":{\"@type\":\"ImageObject\",\"inLanguage\":\"de\",\"@id\":\"https:\\\/\\\/i0.wp.com\\\/hoerske.de\\\/blog\\\/wp-content\\\/uploads\\\/2023\\\/01\\\/16711213967602.jpg?fit=1024%2C954&ssl=1\",\"url\":\"https:\\\/\\\/i0.wp.com\\\/hoerske.de\\\/blog\\\/wp-content\\\/uploads\\\/2023\\\/01\\\/16711213967602.jpg?fit=1024%2C954&ssl=1\",\"contentUrl\":\"https:\\\/\\\/i0.wp.com\\\/hoerske.de\\\/blog\\\/wp-content\\\/uploads\\\/2023\\\/01\\\/16711213967602.jpg?fit=1024%2C954&ssl=1\",\"width\":1024,\"height\":954,\"caption\":\"Timo H\u00f6rske\"},\"logo\":{\"@id\":\"https:\\\/\\\/i0.wp.com\\\/hoerske.de\\\/blog\\\/wp-content\\\/uploads\\\/2023\\\/01\\\/16711213967602.jpg?fit=1024%2C954&ssl=1\"},\"description\":\"Jahrgang 1985, als \\\"Ossi\\\" geboren, im beschaulichen Premnitz an der Havel aufgewachsen. Natur- und Kunstliebhaber. Seit \u00fcber 10 Jahren Wahlbremerhavener, K\u00fcsten- und Windfan. So ziemlich an Allem interessiert. Schwerpunkte sind aber eindeutig Politik, Gesellschaft, Rechtswesen, Natur, Imkerei und Technik. Rotes Parteibuch, Mitglied des Jugendhilfeausschusses der Stadt Bremerhaven, Vorsitzender eines Kleing\u00e4rtnervereins, Fachberater f\u00fcr das Kleingartenwesen, Verbandschef der Bremerhavener Kleing\u00e4rtner*innen. Hobbyimker, Freizeitblogger, Techniknerd.\",\"sameAs\":[\"https:\\\/\\\/www.hoerske.de\\\/\",\"https:\\\/\\\/www.facebook.com\\\/timo.hoerske\",\"https:\\\/\\\/www.instagram.com\\\/thoerske\\\/\",\"https:\\\/\\\/x.com\\\/timo_hoerske\"]}]}<\/script>\n<!-- \/ Yoast SEO Premium plugin. -->","yoast_head_json":{"title":"Formular zur Anforderung von Benutzerdaten - Timos Paper","robots":{"index":"index","follow":"follow","max-snippet":"max-snippet:-1","max-image-preview":"max-image-preview:large","max-video-preview":"max-video-preview:-1"},"canonical":"https:\/\/hoerske.de\/blog\/formular-zur-anforderung-von-benutzerdaten\/","og_locale":"de_DE","og_type":"article","og_title":"Formular zur Anforderung von Benutzerdaten","og_description":"Liebe Leserinnen und Leser, um den Schutz Ihrer pers\u00f6nlichen Daten zu gew\u00e4hrleisten und gleichzeitig sicherzustellen, dass Sie jederzeit Zugang zu den Informationen haben, die ich auf meinem Blog \u00fcber Sie gespeichert habe, habe ich ein einfaches Anforderungsformular eingerichtet. Bitte f\u00fcllen Sie das untenstehende Formular aus, um eine Anfrage zur Offenlegung","og_url":"https:\/\/hoerske.de\/blog\/formular-zur-anforderung-von-benutzerdaten\/","og_site_name":"Timos Paper","article_publisher":"https:\/\/www.facebook.com\/timo.hoerske","article_modified_time":"2024-02-27T18:09:24+00:00","og_image":[{"width":1939,"height":1077,"url":"https:\/\/i0.wp.com\/hoerske.de\/blog\/wp-content\/uploads\/2018\/11\/IMG_9914%4005x.png?fit=1939%2C1077&ssl=1","type":"image\/png"}],"twitter_card":"summary_large_image","twitter_site":"@timo_hoerske","twitter_misc":{"Gesch\u00e4tzte Lesezeit":"1\u00a0Minute"},"schema":{"@context":"https:\/\/schema.org","@graph":[{"@type":"WebPage","@id":"https:\/\/hoerske.de\/blog\/formular-zur-anforderung-von-benutzerdaten\/","url":"https:\/\/hoerske.de\/blog\/formular-zur-anforderung-von-benutzerdaten\/","name":"Formular zur Anforderung von Benutzerdaten - Timos Paper","isPartOf":{"@id":"https:\/\/hoerske.de\/blog\/#website"},"datePublished":"2024-02-27T17:54:25+00:00","dateModified":"2024-02-27T18:09:24+00:00","breadcrumb":{"@id":"https:\/\/hoerske.de\/blog\/formular-zur-anforderung-von-benutzerdaten\/#breadcrumb"},"inLanguage":"de","potentialAction":[{"@type":"ReadAction","target":["https:\/\/hoerske.de\/blog\/formular-zur-anforderung-von-benutzerdaten\/"]}]},{"@type":"BreadcrumbList","@id":"https:\/\/hoerske.de\/blog\/formular-zur-anforderung-von-benutzerdaten\/#breadcrumb","itemListElement":[{"@type":"ListItem","position":1,"name":"Startseite","item":"https:\/\/hoerske.de\/blog\/"},{"@type":"ListItem","position":2,"name":"Formular zur Anforderung von Benutzerdaten"}]},{"@type":"WebSite","@id":"https:\/\/hoerske.de\/blog\/#website","url":"https:\/\/hoerske.de\/blog\/","name":"Timos Blog","description":"ego cogito, ergo sum","publisher":{"@id":"https:\/\/hoerske.de\/blog\/#\/schema\/person\/20677cf2167fc7027b752c3bba78d5fc"},"potentialAction":[{"@type":"SearchAction","target":{"@type":"EntryPoint","urlTemplate":"https:\/\/hoerske.de\/blog\/?s={search_term_string}"},"query-input":{"@type":"PropertyValueSpecification","valueRequired":true,"valueName":"search_term_string"}}],"inLanguage":"de"},{"@type":["Person","Organization"],"@id":"https:\/\/hoerske.de\/blog\/#\/schema\/person\/20677cf2167fc7027b752c3bba78d5fc","name":"Timo H\u00f6rske","image":{"@type":"ImageObject","inLanguage":"de","@id":"https:\/\/i0.wp.com\/hoerske.de\/blog\/wp-content\/uploads\/2023\/01\/16711213967602.jpg?fit=1024%2C954&ssl=1","url":"https:\/\/i0.wp.com\/hoerske.de\/blog\/wp-content\/uploads\/2023\/01\/16711213967602.jpg?fit=1024%2C954&ssl=1","contentUrl":"https:\/\/i0.wp.com\/hoerske.de\/blog\/wp-content\/uploads\/2023\/01\/16711213967602.jpg?fit=1024%2C954&ssl=1","width":1024,"height":954,"caption":"Timo H\u00f6rske"},"logo":{"@id":"https:\/\/i0.wp.com\/hoerske.de\/blog\/wp-content\/uploads\/2023\/01\/16711213967602.jpg?fit=1024%2C954&ssl=1"},"description":"Jahrgang 1985, als \"Ossi\" geboren, im beschaulichen Premnitz an der Havel aufgewachsen. Natur- und Kunstliebhaber. Seit \u00fcber 10 Jahren Wahlbremerhavener, K\u00fcsten- und Windfan. So ziemlich an Allem interessiert. Schwerpunkte sind aber eindeutig Politik, Gesellschaft, Rechtswesen, Natur, Imkerei und Technik. Rotes Parteibuch, Mitglied des Jugendhilfeausschusses der Stadt Bremerhaven, Vorsitzender eines Kleing\u00e4rtnervereins, Fachberater f\u00fcr das Kleingartenwesen, Verbandschef der Bremerhavener Kleing\u00e4rtner*innen. Hobbyimker, Freizeitblogger, Techniknerd.","sameAs":["https:\/\/www.hoerske.de\/","https:\/\/www.facebook.com\/timo.hoerske","https:\/\/www.instagram.com\/thoerske\/","https:\/\/x.com\/timo_hoerske"]}]}},"jetpack_shortlink":"https:\/\/wp.me\/P4W3ht-6Rq","jetpack_sharing_enabled":true,"_links":{"self":[{"href":"https:\/\/hoerske.de\/blog\/wp-json\/wp\/v2\/pages\/26376","targetHints":{"allow":["GET"]}}],"collection":[{"href":"https:\/\/hoerske.de\/blog\/wp-json\/wp\/v2\/pages"}],"about":[{"href":"https:\/\/hoerske.de\/blog\/wp-json\/wp\/v2\/types\/page"}],"author":[{"embeddable":true,"href":"https:\/\/hoerske.de\/blog\/wp-json\/wp\/v2\/users\/1"}],"replies":[{"embeddable":true,"href":"https:\/\/hoerske.de\/blog\/wp-json\/wp\/v2\/comments?post=26376"}],"version-history":[{"count":3,"href":"https:\/\/hoerske.de\/blog\/wp-json\/wp\/v2\/pages\/26376\/revisions"}],"predecessor-version":[{"id":26383,"href":"https:\/\/hoerske.de\/blog\/wp-json\/wp\/v2\/pages\/26376\/revisions\/26383"}],"wp:attachment":[{"href":"https:\/\/hoerske.de\/blog\/wp-json\/wp\/v2\/media?parent=26376"}],"curies":[{"name":"wp","href":"https:\/\/api.w.org\/{rel}","templated":true}]}}